{"id":1913,"date":"2022-06-29T07:45:55","date_gmt":"2022-06-29T07:45:55","guid":{"rendered":"https:\/\/centerforvoldsforebyggelse.com\/?page_id=1913"},"modified":"2022-09-15T14:01:11","modified_gmt":"2022-09-15T14:01:11","slug":"uddannelsesindsats-bedre-seksualundervisning","status":"publish","type":"page","link":"https:\/\/centerforvoldsforebyggelse.com\/en\/uddannelsesindsats-bedre-seksualundervisning\/","title":{"rendered":"Open School \u2013 Better sex education"},"content":{"rendered":"<p>[et_pb_section fb_built=&#8221;1&#8243; _builder_version=&#8221;4.16&#8243; global_colors_info=&#8221;{}&#8221;][et_pb_row _builder_version=&#8221;4.18.0&#8243; background_size=&#8221;initial&#8221; background_position=&#8221;top_left&#8221; background_repeat=&#8221;repeat&#8221; hover_enabled=&#8221;0&#8243; global_colors_info=&#8221;{}&#8221; sticky_enabled=&#8221;0&#8243;][et_pb_column type=&#8221;4_4&#8243; _builder_version=&#8221;4.18.0&#8243; global_colors_info=&#8221;{}&#8221;][et_pb_text _builder_version=&#8221;4.18.0&#8243; background_size=&#8221;initial&#8221; background_position=&#8221;top_left&#8221; background_repeat=&#8221;repeat&#8221; hover_enabled=&#8221;0&#8243; global_colors_info=&#8221;{}&#8221; custom_css_main_element=&#8221;column-count: 2&#8243; sticky_enabled=&#8221;0&#8243;]<!-- divi:paragraph --><\/p>\n<p><strong>Kunne du t\u00e6nke dig at Center for Magtanalyses eksperter kommer ud p\u00e5 din skole og underviser i seksualundervisning? <\/strong><\/p>\n<p>&nbsp;<\/p>\n<p>&nbsp;<\/p>\n<p>&nbsp;<\/p>\n<p><!-- \/divi:paragraph --><\/p>\n<p>&nbsp;<\/p>\n<p>&nbsp;<\/p>\n<p><!-- divi:paragraph --><\/p>\n<p>S\u00e5 kan du booke vores forl\u00f8b \u201cK\u00f8n, krop og Klasse\u201d nu via K\u00f8benhavn Kommunes hjemmeside <a href=\"https:\/\/aabenskole.kk.dk\/indhold\/k-n-krop-og-klasse\" target=\"_blank\" rel=\"noopener\">her<\/a><\/p>\n<p>&nbsp;<\/p>\n<p>&nbsp;<\/p>\n<p>&nbsp;<\/p>\n<p><!-- \/divi:paragraph --><\/p>\n<p>&nbsp;<\/p>\n<p>&nbsp;<\/p>\n<p><!-- divi:image --><\/p>\n<figure class=\"wp-block-image\"><img decoding=\"async\" src=\"https:\/\/lh5.googleusercontent.com\/AlMwhX89YvKFTSsLgH3198si3eYQUcw40yfl6m3lKhxBPYkovtc5eHpIa2-ftdLnSSuJW_n9ebPfxZGxG1kfbf3FyMch09y5jZJqb6a80vJN-FJOdDzOTe_5RRxucqfZfYZdPrc654IcaDxxgaw\" alt=\"\" \/><\/figure>\n<p>&nbsp;<\/p>\n<p>&nbsp;<\/p>\n<p><!-- \/divi:image --><\/p>\n<p>&nbsp;<\/p>\n<p>&nbsp;<\/p>\n<p><!-- divi:paragraph --><\/p>\n<p>I Center for Magtanalyse tager vores seksualundervisningen afs\u00e6t i at opbygge v\u00e6rkt\u00f8jskasser med forst\u00e5else for magtforhold, gr\u00e6nser, samtykkebaseret kommunikation og viden om seksuel sundhed og trivsel.<\/p>\n<p>&nbsp;<\/p>\n<p>&nbsp;<\/p>\n<p>&nbsp;<\/p>\n<p><!-- \/divi:paragraph --><\/p>\n<p>&nbsp;<\/p>\n<p>&nbsp;<\/p>\n<p><!-- divi:paragraph --><\/p>\n<p>I samarbejde med b\u00e5de klassen og klassel\u00e6rer arbejder vi p\u00e5 at samskabe nye m\u00e5der at tale om k\u00f8n, seksualitet, krop, identitet, klasse og samv\u00e6r p\u00e5. Vi tilbyder opl\u00e6g, workshops og mange forskellige former for interaktiv undervisning, som for eksempel performanceteater og anonyme postkasser, hvor alle sp\u00f8rgsm\u00e5l bydes velkomne og hvor vi inviterer klassen til at indg\u00e5 i dialog.<\/p>\n<p>&nbsp;<\/p>\n<p>&nbsp;<\/p>\n<p>&nbsp;<\/p>\n<p><!-- \/divi:paragraph --><\/p>\n<p>&nbsp;<\/p>\n<p>&nbsp;<\/p>\n<p><!-- divi:paragraph --><\/p>\n<p>Vi sender en underviser ud i jeres klasse til fire dobbeltlektioner. Vores forl\u00f8b varer i alt fire uger og indeb\u00e6rer tre lektioner til elever og en lektion til l\u00e6rerne og eleverne, hvor vi sammen kan skabe rammerne for en tryg undervisning i fremtiden. Vi br\u00e6nder for at s\u00e6tte trivsel p\u00e5 skolernes dagsorden og inviterer til at tale om, hvordan hver klasse kan v\u00e6re med til at forebygge mistrivsel, mobning og vold.<\/p>\n<p>&nbsp;<\/p>\n<p>&nbsp;<\/p>\n<p>&nbsp;<\/p>\n<p><!-- \/divi:paragraph --><\/p>\n<p>&nbsp;<\/p>\n<p>&nbsp;<\/p>\n<p><!-- divi:paragraph --><\/p>\n<p><strong>Om forl\u00f8bet<\/strong><\/p>\n<p>&nbsp;<\/p>\n<p><!-- \/divi:paragraph --><\/p>\n<p>&nbsp;<\/p>\n<p>&nbsp;<\/p>\n<p><!-- divi:paragraph --><\/p>\n<p>L\u00e6ringsforl\u00f8bet er opbygget omkring fire dobbeltlektioner over fire uger. Tre af lektionerne er p\u00e5 klasseniveau, der afholdes en gang om ugen. Den tredje lektion er henvendt til l\u00e6rerne, og fungerer som opsamling og forberedelse til den afsluttende lektion. M\u00e5let er at skabe et f\u00e6lles sprog for at tale om k\u00f8n, krop og klasse.<\/p>\n<p>&nbsp;<\/p>\n<p>&nbsp;<\/p>\n<p>&nbsp;<\/p>\n<p><!-- \/divi:paragraph --><\/p>\n<p>&nbsp;<\/p>\n<p>&nbsp;<\/p>\n<p><!-- divi:paragraph --><\/p>\n<p><strong>F\u00f8rste undervisningsgang: \u2018K\u00f8n\u2019<\/strong><\/p>\n<p>&nbsp;<\/p>\n<p>&nbsp;<\/p>\n<p>&nbsp;<\/p>\n<p><!-- \/divi:paragraph --><\/p>\n<p>&nbsp;<\/p>\n<p>&nbsp;<\/p>\n<p><!-- divi:paragraph --><\/p>\n<p>Et opl\u00e6g om k\u00f8n og seksualitet og hvad det betyder for de forventninger, vi har til hinanden. Lektionen handler om, hvordan normer om k\u00f8n har udviklet sig over tid, og g\u00f8r op med med begr\u00e6nsende stereotyper. Eleverne kan stille sp\u00f8rgsm\u00e5l, i en anonym brevkasse, der kan relatere sig til alle dele af undervisningsforl\u00f8bet. Vi vender tilbage til sp\u00f8rgsm\u00e5lene l\u00f8bende.<\/p>\n<p>&nbsp;<\/p>\n<p>&nbsp;<\/p>\n<p>&nbsp;<\/p>\n<p><!-- \/divi:paragraph --><\/p>\n<p>&nbsp;<\/p>\n<p>&nbsp;<\/p>\n<p><!-- divi:paragraph --><\/p>\n<p><strong>Anden undervisningsgang: \u2018Krop\u2019<\/strong><\/p>\n<p>&nbsp;<\/p>\n<p>&nbsp;<\/p>\n<p>&nbsp;<\/p>\n<p><!-- \/divi:paragraph --><\/p>\n<p>&nbsp;<\/p>\n<p>&nbsp;<\/p>\n<p><!-- divi:paragraph --><\/p>\n<p>Et opl\u00e6g om diversiteten af kroppe: race\/etnicitet, abilitet, myter om den maskuline og den feminine krop, forskellige m\u00e5der at have sex p\u00e5. Lektionen handler om at forst\u00e5 sammenh\u00e6ngen mellem krop og sind. Vi laver en workshop om gr\u00e6nser og en \u00f8velse med fiktive brevkassehistorier.<\/p>\n<p>&nbsp;<\/p>\n<p>&nbsp;<\/p>\n<p>&nbsp;<\/p>\n<p><!-- \/divi:paragraph --><\/p>\n<p>&nbsp;<\/p>\n<p>&nbsp;<\/p>\n<p><!-- divi:paragraph --><\/p>\n<p><strong>Tredje undervisningsgang: \u2018L\u00e6rerens time\u2019\u00a0<\/strong><\/p>\n<p>&nbsp;<\/p>\n<p>&nbsp;<\/p>\n<p>&nbsp;<\/p>\n<p><!-- \/divi:paragraph --><\/p>\n<p>&nbsp;<\/p>\n<p>&nbsp;<\/p>\n<p><!-- divi:paragraph --><\/p>\n<p>Et opl\u00e6g om mistrivsel. Vi reflekterer med l\u00e6rerne om hvordan man bliver opm\u00e6rksom p\u00e5 signaler for mistrivsel hos eleverne. Vi arbejder med \u2018forumteater\u2019, hvor vi unders\u00f8ger, hvordan man spotter og handler p\u00e5 mistrivsel. L\u00e6rerne laver et manifest, hvor vi kortl\u00e6gger deres behov og forventninger til hinanden og ledelsen.<\/p>\n<p>&nbsp;<\/p>\n<p>&nbsp;<\/p>\n<p>&nbsp;<\/p>\n<p><!-- \/divi:paragraph --><\/p>\n<p>&nbsp;<\/p>\n<p>&nbsp;<\/p>\n<p><!-- divi:paragraph --><\/p>\n<p><strong>Fjerde undervisningsgang: \u2018Klasse\u2019<\/strong><\/p>\n<p>&nbsp;<\/p>\n<p>&nbsp;<\/p>\n<p>&nbsp;<\/p>\n<p><!-- \/divi:paragraph --><\/p>\n<p>&nbsp;<\/p>\n<p>&nbsp;<\/p>\n<p><!-- divi:paragraph --><\/p>\n<p>Et opl\u00e6g om samtykke og ansvar for egen- og klassens trivsel. Vi tager op hvordan man h\u00e5ndterer utryghed, konflikt og hvem man kan henvende sig til, hvis man ikke har sproget til at s\u00e6tte ord p\u00e5 komplicerede emner. Vi laver en \u00f8velse med fiktive l\u00e6serbreve og forumteater, hvor eleverne kommer med id\u00e9er til hvordan man kan h\u00e5ndtere sv\u00e6re situationer. Eleverne skriver et manifest om deres forventninger til hinanden og hvordan de vil sikre et trygt rum fremadrettet.<\/p>\n<p>&nbsp;<\/p>\n<p>&nbsp;<\/p>\n<p>&nbsp;<\/p>\n<p><!-- \/divi:paragraph -->[\/et_pb_text][\/et_pb_column][\/et_pb_row][\/et_pb_section]<\/p>\n","protected":false},"excerpt":{"rendered":"<p>Kunne du t\u00e6nke dig at Center for Magtanalyses eksperter kommer ud p\u00e5 din skole og underviser i seksualundervisning? &nbsp; &nbsp; &nbsp; &nbsp; &nbsp; S\u00e5 kan du booke vores forl\u00f8b \u201cK\u00f8n, krop og Klasse\u201d nu via K\u00f8benhavn Kommunes hjemmeside her &nbsp; &nbsp; &nbsp; &nbsp; &nbsp; &nbsp; &nbsp; &nbsp; &nbsp; I Center for Magtanalyse tager vores seksualundervisningen [&hellip;]<\/p>\n","protected":false},"author":1,"featured_media":0,"parent":0,"menu_order":0,"comment_status":"closed","ping_status":"closed","template":"","meta":{"_et_pb_use_builder":"on","_et_pb_old_content":"<!-- wp:paragraph -->\n<p><strong>Kunne du t\u00e6nke dig at Center for Magtanalyses eksperter kommer ud p\u00e5 din skole og underviser i seksualundervisning? <\/strong><\/p>\n<!-- \/wp:paragraph -->\n\n<!-- wp:paragraph -->\n<p>S\u00e5 kan du booke vores forl\u00f8b \u201cK\u00f8n, krop og Klasse\u201d nu via K\u00f8benhavn Kommunes hjemmeside <a href=\"https:\/\/aabenskole.kk.dk\/indhold\/k-n-krop-og-klasse\">her<\/a> <\/p>\n<!-- \/wp:paragraph -->\n\n<!-- wp:image -->\n<figure class=\"wp-block-image\"><img src=\"https:\/\/lh5.googleusercontent.com\/AlMwhX89YvKFTSsLgH3198si3eYQUcw40yfl6m3lKhxBPYkovtc5eHpIa2-ftdLnSSuJW_n9ebPfxZGxG1kfbf3FyMch09y5jZJqb6a80vJN-FJOdDzOTe_5RRxucqfZfYZdPrc654IcaDxxgaw\" alt=\"\"\/><\/figure>\n<!-- \/wp:image -->\n\n<!-- wp:paragraph -->\n<p>I Center for Magtanalyse tager vores seksualundervisningen afs\u00e6t i at opbygge v\u00e6rkt\u00f8jskasser med forst\u00e5else for magtforhold, gr\u00e6nser, samtykkebaseret kommunikation og viden om seksuel sundhed og trivsel.&nbsp;<\/p>\n<!-- \/wp:paragraph -->\n\n<!-- wp:paragraph -->\n<p>I samarbejde med b\u00e5de klassen og klassel\u00e6rer arbejder vi p\u00e5 at samskabe nye m\u00e5der at tale om k\u00f8n, seksualitet, krop, identitet, klasse og samv\u00e6r p\u00e5. Vi tilbyder opl\u00e6g, workshops og mange forskellige former for interaktiv undervisning, som for eksempel performanceteater og anonyme postkasser, hvor alle sp\u00f8rgsm\u00e5l bydes velkomne og hvor vi inviterer klassen til at indg\u00e5 i dialog.&nbsp;<\/p>\n<!-- \/wp:paragraph -->\n\n<!-- wp:paragraph -->\n<p>Vi sender en underviser ud i jeres klasse til fire dobbeltlektioner. Vores forl\u00f8b varer i alt fire uger og indeb\u00e6rer tre lektioner til elever og en lektion til l\u00e6rerne og eleverne, hvor vi sammen kan skabe rammerne for en tryg undervisning i fremtiden. Vi br\u00e6nder for at s\u00e6tte trivsel p\u00e5 skolernes dagsorden og inviterer til at tale om, hvordan hver klasse kan v\u00e6re med til at forebygge mistrivsel, mobning og vold.&nbsp;<\/p>\n<!-- \/wp:paragraph -->\n\n<!-- wp:paragraph -->\n<p><strong>Om forl\u00f8bet<\/strong><\/p>\n<!-- \/wp:paragraph -->\n\n<!-- wp:paragraph -->\n<p>L\u00e6ringsforl\u00f8bet er opbygget omkring fire dobbeltlektioner over fire uger. Tre af lektionerne er p\u00e5 klasseniveau, der afholdes en gang om ugen. Den tredje lektion er henvendt til l\u00e6rerne, og fungerer som opsamling og forberedelse til den afsluttende lektion. M\u00e5let er at skabe et f\u00e6lles sprog for at tale om k\u00f8n, krop og klasse.&nbsp;<\/p>\n<!-- \/wp:paragraph -->\n\n<!-- wp:paragraph -->\n<p><strong>F\u00f8rste undervisningsgang: \u2018K\u00f8n\u2019<\/strong><\/p>\n<!-- \/wp:paragraph -->\n\n<!-- wp:paragraph -->\n<p>Et opl\u00e6g om k\u00f8n og seksualitet og hvad det betyder for de forventninger, vi har til hinanden. Lektionen handler om, hvordan normer om k\u00f8n har udviklet sig over tid, og g\u00f8r op med med begr\u00e6nsende stereotyper. Eleverne kan stille sp\u00f8rgsm\u00e5l, i en anonym brevkasse, der kan relatere sig til alle dele af undervisningsforl\u00f8bet. Vi vender tilbage til sp\u00f8rgsm\u00e5lene l\u00f8bende.&nbsp;<\/p>\n<!-- \/wp:paragraph -->\n\n<!-- wp:paragraph -->\n<p><strong>Anden undervisningsgang: \u2018Krop\u2019<\/strong><\/p>\n<!-- \/wp:paragraph -->\n\n<!-- wp:paragraph -->\n<p>Et opl\u00e6g om diversiteten af kroppe: race\/etnicitet, abilitet, myter om den maskuline og den feminine krop, forskellige m\u00e5der at have sex p\u00e5. Lektionen handler om at forst\u00e5 sammenh\u00e6ngen mellem krop og sind. Vi laver en workshop om gr\u00e6nser og en \u00f8velse med fiktive brevkassehistorier.&nbsp;<\/p>\n<!-- \/wp:paragraph -->\n\n<!-- wp:paragraph -->\n<p><strong>Tredje undervisningsgang: \u2018L\u00e6rerens time\u2019&nbsp;<\/strong><\/p>\n<!-- \/wp:paragraph -->\n\n<!-- wp:paragraph -->\n<p>Et opl\u00e6g om mistrivsel. Vi reflekterer med l\u00e6rerne om hvordan man bliver opm\u00e6rksom p\u00e5 signaler for mistrivsel hos eleverne. Vi arbejder med \u2018forumteater\u2019, hvor vi unders\u00f8ger, hvordan man spotter og handler p\u00e5 mistrivsel. L\u00e6rerne laver et manifest, hvor vi kortl\u00e6gger deres behov og forventninger til hinanden og ledelsen.<\/p>\n<!-- \/wp:paragraph -->\n\n<!-- wp:paragraph -->\n<p><strong>Fjerde undervisningsgang: \u2018Klasse\u2019<\/strong><\/p>\n<!-- \/wp:paragraph -->\n\n<!-- wp:paragraph -->\n<p>Et opl\u00e6g om samtykke og ansvar for egen- og klassens trivsel. Vi tager op hvordan man h\u00e5ndterer utryghed, konflikt og hvem man kan henvende sig til, hvis man ikke har sproget til at s\u00e6tte ord p\u00e5 komplicerede emner. Vi laver en \u00f8velse med fiktive l\u00e6serbreve og forumteater, hvor eleverne kommer med id\u00e9er til hvordan man kan h\u00e5ndtere sv\u00e6re situationer. Eleverne skriver et manifest om deres forventninger til hinanden og hvordan de vil sikre et trygt rum fremadrettet.<\/p>\n<!-- \/wp:paragraph -->","_et_gb_content_width":"","inline_featured_image":false,"footnotes":""},"dipi_cpt_category":[],"class_list":["post-1913","page","type-page","status-publish","hentry"],"jetpack_sharing_enabled":true,"_links":{"self":[{"href":"https:\/\/centerforvoldsforebyggelse.com\/en\/wp-json\/wp\/v2\/pages\/1913","targetHints":{"allow":["GET"]}}],"collection":[{"href":"https:\/\/centerforvoldsforebyggelse.com\/en\/wp-json\/wp\/v2\/pages"}],"about":[{"href":"https:\/\/centerforvoldsforebyggelse.com\/en\/wp-json\/wp\/v2\/types\/page"}],"author":[{"embeddable":true,"href":"https:\/\/centerforvoldsforebyggelse.com\/en\/wp-json\/wp\/v2\/users\/1"}],"replies":[{"embeddable":true,"href":"https:\/\/centerforvoldsforebyggelse.com\/en\/wp-json\/wp\/v2\/comments?post=1913"}],"version-history":[{"count":6,"href":"https:\/\/centerforvoldsforebyggelse.com\/en\/wp-json\/wp\/v2\/pages\/1913\/revisions"}],"predecessor-version":[{"id":2009,"href":"https:\/\/centerforvoldsforebyggelse.com\/en\/wp-json\/wp\/v2\/pages\/1913\/revisions\/2009"}],"wp:attachment":[{"href":"https:\/\/centerforvoldsforebyggelse.com\/en\/wp-json\/wp\/v2\/media?parent=1913"}],"wp:term":[{"taxonomy":"dipi_cpt_category","embeddable":true,"href":"https:\/\/centerforvoldsforebyggelse.com\/en\/wp-json\/wp\/v2\/dipi_cpt_category?post=1913"}],"curies":[{"name":"wp","href":"https:\/\/api.w.org\/{rel}","templated":true}]}}