{"id":3921,"date":"2023-01-09T14:32:27","date_gmt":"2023-01-09T14:32:27","guid":{"rendered":"https:\/\/centerforvoldsforebyggelse.com\/?page_id=3921"},"modified":"2025-10-10T07:23:27","modified_gmt":"2025-10-10T07:23:27","slug":"cookie-dataansvar-og-privatlivspolitik-hos-center-for-magtanalyse","status":"publish","type":"page","link":"https:\/\/centerforvoldsforebyggelse.com\/en\/cookie-dataansvar-og-privatlivspolitik-hos-center-for-magtanalyse\/","title":{"rendered":"Cookie, data responsibility and privacy policy at the Center for Violence Prevention"},"content":{"rendered":"[et_pb_section fb_built=&#8221;1&#8243; admin_label=&#8221;section&#8221; _builder_version=&#8221;4.18.0&#8243; background_color=&#8221;#FFFFFF&#8221; global_colors_info=&#8221;{}&#8221;][et_pb_row admin_label=&#8221;row&#8221; _builder_version=&#8221;4.18.0&#8243; background_size=&#8221;initial&#8221; background_position=&#8221;top_left&#8221; background_repeat=&#8221;repeat&#8221; global_colors_info=&#8221;{}&#8221;][et_pb_column type=&#8221;4_4&#8243; _builder_version=&#8221;4.18.0&#8243; custom_padding=&#8221;|||&#8221; global_colors_info=&#8221;{}&#8221; custom_padding__hover=&#8221;|||&#8221;][et_pb_text admin_label=&#8221;Text&#8221; _builder_version=&#8221;4.18.0&#8243; text_font_size=&#8221;17px&#8221; text_line_height=&#8221;1.6em&#8221; background_size=&#8221;initial&#8221; background_position=&#8221;top_left&#8221; background_repeat=&#8221;repeat&#8221; global_colors_info=&#8221;{}&#8221;]<p><\/p>\n<p style=\"text-align: left;\"><strong>Introduktion<\/strong><\/p>\n<p style=\"text-align: left;\">N\u00e5r du bes\u00f8ger vores website indsamles der oplysninger om dig, som bruges til at tilpasse og forbedre vores indhold og til at \u00f8ge v\u00e6rdien af de annoncer, der vises p\u00e5 siden. Hvis du ikke \u00f8nsker, at der indsamles oplysninger, b\u00f8r du slette dine cookies (se vejledning) og undlade videre brug af websitet. Nedenfor har vi uddybet, hvilke informationer der indsamles, deres form\u00e5l og hvilke tredjeparter, der har adgang til dem.<\/p>\n<p style=\"text-align: left;\"><\/p>\n<p style=\"text-align: left;\"><\/p>\n<p style=\"text-align: left;\"><strong>Dataansvar<\/strong><\/p>\n<p style=\"text-align: left;\">Vi behandler persondata og har derfor vedtaget denne privatlivsbeskyttelsespolitik, der fort\u00e6ller dig, hvordan vi behandler dine data. For at beskytte dine persondata bedst muligt, vurderer vi l\u00f8bende, hvor h\u00f8j risikoen er for, at vores databehandling p\u00e5virker dine grundrettigheder negativt. Vi er is\u00e6r opm\u00e6rksomme p\u00e5 risikoen for, at du uds\u00e6ttes for diskrimination eller ID-tyveri, eller lider \u00f8konomisk tab, tab af omd\u00f8mme eller datafortrolighed. I tilf\u00e6lde af, at de beslutninger, vi har behov for at tr\u00e6ffe, er afh\u00e6ngige af, at vi kan behandle f\u00f8lsomme persondata, biometriske oplysninger om dig, gennemf\u00f8rer vi en analyse af konsekvenserne af databehandlingen for din privatlivsbeskyttelse. Konsekvensanalysen gennemf\u00f8res f\u00f8r, vi begynder at behandle dine persondata.<\/p>\n<p style=\"text-align: left;\"><\/p>\n<p style=\"text-align: left;\"><\/p>\n<p style=\"text-align: left;\"><strong>Cookies, form\u00e5l og relevans<\/strong><\/p>\n<p style=\"text-align: left;\">Websitet anvender &#8220;cookies&#8221;, der er en tekstfil, som gemmes p\u00e5 din computer, mobil el. tilsvarende med det form\u00e5l at genkende den, huske indstillinger, udf\u00f8re statistik og m\u00e5lrette annoncer. Cookies kan ikke indeholde skadelig kode som f.eks. virus. Vi placerer cookies p\u00e5 din computer eller mobiltelefon. De deles med tredjepart, fx. Google Analytics og bruges til at forbedre brugeroplevelsen og til at m\u00e5lrette markedsf\u00f8ring. Det er muligt at slette eller blokere for cookies. Se vejledning: http:\/\/minecookies.org\/cookiehandtering<\/p>\n<p style=\"text-align: left;\">Hvis du sletter eller blokerer cookies vil annoncer kunne blive mindre relevante for dig og optr\u00e6de hyppigere. Du kan desuden risikere at websitet ikke fungerer optimalt samt at der er indhold, du ikke kan f\u00e5 adgang til.<\/p>\n<p style=\"text-align: left;\"><\/p>\n<p style=\"text-align: left;\"><\/p>\n<p style=\"text-align: left;\"><strong>Personoplysninger<br \/><\/strong>Personoplysninger er alle slags informationer, der i et eller andet omfang kan henf\u00f8res til dig. N\u00e5r du benytter vores website, indsamler og behandler vi en r\u00e6kke s\u00e5danne informationer. Det sker f.eks. ved alm. tilgang af indhold, hvis du tilmelder dig vores nyhedsbrev, deltager i konkurrencer eller unders\u00f8gelser, registrerer dig som bruger eller abonnent, \u00f8vrig brug af services eller foretager k\u00f8b via websitet.\u00a0Vi indsamler og behandler typisk f\u00f8lgende typer af oplysninger: Et unikt ID og tekniske oplysninger om din computer, tablet eller mobiltelefon, dit IP-nummer, geografisk placering, samt hvilke sider du klikker p\u00e5 (interesser). I det omfang du selv giver eksplicit samtykke hertil og selv indtaster informationerne behandles desuden: Navn, telefonnummer, e-mail, adresse og betalingsoplysninger. Det vil typisk v\u00e6re i forbindelse med oprettelse af login eller ved k\u00f8b.<\/p>\n<p style=\"text-align: left;\"><\/p>\n<p style=\"text-align: left;\"><strong>Sikkerhed<\/strong><\/p>\n<p style=\"text-align: left;\">Vi behandler dine personoplysninger sikkert og fortroligt i overensstemmelse med g\u00e6ldende lovgivning, herunder persondataforordningen og databeskyttelsesloven.<\/p>\n<p style=\"text-align: left;\">Dine oplysninger vil alene blive anvendt til det form\u00e5l, de er indsamlet til, og vil blive slettet, n\u00e5r dette form\u00e5l er opfyldt eller ikke l\u00e6ngere relevant.\u00a0Vi har truffet tekniske og organisatoriske foranstaltninger mod, at dine oplysninger h\u00e6ndeligt eller ulovligt bliver slettet, offentliggjort, fortabt, forringet eller kommer til uvedkommendes kendskab, misbruges eller i \u00f8vrigt behandles i strid med lovgivningen<\/p>\n<p style=\"text-align: left;\"><\/p>\n<p style=\"text-align: left;\"><strong>Form\u00e5l<\/strong><\/p>\n<p style=\"text-align: left;\">Oplysningerne bruges til at identificere dig som bruger og vise dig de annoncer, som vil have st\u00f8rst sandsynlighed for at v\u00e6re relevante for dig, at registrere dine k\u00f8b og betalinger, samt at kunne levere de services, du har efterspurgt, som f.eks. at fremsende et nyhedsbrev. Herudover anvender vi oplysningerne til at optimere vores services og indhold.<\/p>\n<p style=\"text-align: left;\"><\/p>\n<p style=\"text-align: left;\"><\/p>\n<p style=\"text-align: left;\"><strong>Periode for opbevaring<br \/><\/strong>Oplysningerne opbevares i det tidsrum, der er tilladt i henhold til lovgivningen, og vi sletter dem, n\u00e5r de ikke l\u00e6ngere er n\u00f8dvendige. Perioden afh\u00e6nger af karakteren af oplysningen og baggrunden for opbevaring. Det er derfor ikke muligt at angive en generel tidsramme for, hvorn\u00e5r informationer slettes.<\/p>\n<p style=\"text-align: left;\"><\/p>\n<p style=\"text-align: left;\"><\/p>\n<p style=\"text-align: left;\"><strong>Samtykke til behandling af persondata<\/strong><\/p>\n<p style=\"text-align: left;\">Vi indhenter dit samtykke, inden vi behandler dine persondata til de form\u00e5l, der er beskrevet ovenfor, med mindre vi har et lovligt grundlag for at indhente dem. Vi oplyser dig om et s\u00e5dant grundlag og om vores legitime interesse i at behandle dine persondata.<\/p>\n<p style=\"text-align: left;\">Dit samtykke er frivilligt, og du kan til enhver tid tr\u00e6kke det tilbage ved at henvende dig til os. Brug kontaktoplysningerne ovenfor, hvis du \u00f8nsker yderligere oplysninger. Hvis vi \u00f8nsker at anvende dine persondata til et andet form\u00e5l end det oprindelige, oplyser vi dig om det nye form\u00e5l og beder om dit samtykke, f\u00f8r vi p\u00e5begynder databehandlingen. Hvis vi har et andet lovligt grundlag for den nye behandling, oplyser vi dig om dette.<\/p>\n<p style=\"text-align: left;\"><\/p>\n<p style=\"text-align: left;\"><\/p>\n<p style=\"text-align: left;\"><strong>Sikkerhed<\/strong><\/p>\n<p style=\"text-align: left;\">Vi har vedtaget interne regler om informationssikkerhed, som indeholder instrukser og foranstaltninger, der beskytter dine persondata mod at blive tilintetgjort, g\u00e5 tabt eller blive \u00e6ndret, mod uautoriseret offentligg\u00f8relse, og mod at uvedkommende f\u00e5r adgang eller kendskab til dem.<\/p>\n<p style=\"text-align: left;\"><\/p>\n<p style=\"text-align: left;\">Vi har fastlagte procedurer for tildeling af adgangsrettigheder til de af vores medarbejdere, der behandler f\u00f8lsomme persondata og data, der afd\u00e6kker oplysninger om personlige interesser og vaner.<\/p>\n<p style=\"text-align: left;\"><\/p>\n<p style=\"text-align: left;\"><\/p>\n<p style=\"text-align: left;\"><strong>Nyhedsbrev<\/strong><\/p>\n<p style=\"text-align: left;\">Ved tilmeldingen af vores nyhedsbrev registrerer vi din e-mailadresse. Disse personoplysninger bruges til at yde dig den service, at du har adgang til vores nyhedsbreve. Derudover bruges oplysningerne til at f\u00e5 et st\u00f8rre indblik i dig og andre brugere af hjemmesiden. Disse oplysninger bruges til forbedring af vores tjenester og teknologier, samt navigation og indhold, der er relevant for dig. Ved tilmelding af vores nyhedsbrev, giver du os samtykke til at sende dig nyheder, r\u00e5d og erfaringer, samt bestemte tilbud.<\/p>\n<p style=\"text-align: left;\"><\/p>\n<p style=\"text-align: left;\"><\/p>\n<p style=\"text-align: left;\"><strong>Videregivelse af oplysninger<\/strong><\/p>\n<p style=\"text-align: left;\">Data om din brug af websitet, hvilke annoncer, du modtager og evt. klikker p\u00e5, geografisk placering, k\u00f8n og alderssegment m.v. videregives til tredjeparter i det omfang disse oplysninger er kendt. Du kan se hvilke tredjeparter, der er tale om, i afsnittet om &#8220;Cookies&#8221; ovenfor. Oplysningerne anvendes til m\u00e5lretning af annoncering.\u00a0Vi benytter herudover en r\u00e6kke tredjeparter til opbevaring og behandling af data. Disse behandler udelukkende oplysninger p\u00e5 vores vegne og m\u00e5 ikke anvende dem til egne form\u00e5l.\u00a0Videregivelse af personoplysninger som navn og e-mail m.v. vil kun ske, hvis du giver samtykke til det. Vi anvender kun databehandlere i EU eller i lande, der kan give dine oplysninger en tilstr\u00e6kkelig beskyttelse.<\/p>\n<p style=\"text-align: left;\"><\/p>\n<p style=\"text-align: left;\"><\/p>\n<p><strong>Indsigt og klager<br \/><\/strong>Du har ret til at f\u00e5 oplyst, hvilke personoplysninger, vi behandler om dig i et almindeligt format (dataportabilitet). Du kan desuden til enhver tid g\u00f8re indsigelse mod, at oplysninger anvendes. Du kan ogs\u00e5 tilbagekalde dit samtykke til, at der bliver behandlet oplysninger om dig. Hvis de oplysninger, der behandles om dig, er forkerte har du ret til at de bliver rettet eller slettet. Henvendelse herom kan ske til:\u00a0<a href=\"mailto:centerformagtanalyse@talomvold.dk\">kontakt@talomvold.dk<\/a>\u00a0Hvis du vil klage over vores behandling af dine personoplysninger, har du ogs\u00e5 mulighed for at tage kontakt til Datatilsynet.<\/p>\n<p style=\"text-align: left;\"><\/p>\n<p style=\"text-align: left;\"><\/p>\n<p style=\"text-align: left;\">\u00d8nsker du ikke l\u00e6ngere, at vi skal behandle dine personoplysninger, eller at vi skal begr\u00e6nse behandlingen af dine personoplysninger, kan du ogs\u00e5 sende os en anmodning herom til ovenn\u00e6vnte e-mailadresse.<\/p>\n<p style=\"text-align: left;\"><\/p>\n<p style=\"text-align: left;\"><\/p>\n<p style=\"text-align: left;\"><strong>Udgiver<\/strong><\/p>\n<p style=\"text-align: left;\">Websitet ejes og publiceres af:<\/p>\n<p style=\"text-align: left;\">Center for Voldsforebyggelse<br \/>CVR 41393025<br \/>kl, Prinsesse Charlottes Gade 45, 2200 K\u00f8benhavn<br \/>kontakt@talomvold.dk<\/p>\n<p style=\"text-align: justify;\"><\/p>\n<p style=\"text-align: justify;\"><\/p>\n<p style=\"text-align: justify;\"><\/p>\n<p style=\"text-align: justify;\"><\/p>\n<p><\/p>\n<p><\/p>[\/et_pb_text][\/et_pb_column][\/et_pb_row][\/et_pb_section]","protected":false},"excerpt":{"rendered":"<p>Introduktion N\u00e5r du bes\u00f8ger vores website indsamles der oplysninger om dig, som bruges til at tilpasse og forbedre vores indhold og til at \u00f8ge v\u00e6rdien af de annoncer, der vises p\u00e5 siden. Hvis du ikke \u00f8nsker, at der indsamles oplysninger, b\u00f8r du slette dine cookies (se vejledning) og undlade videre brug af websitet. Nedenfor har [&hellip;]<\/p>\n","protected":false},"author":1,"featured_media":0,"parent":0,"menu_order":0,"comment_status":"closed","ping_status":"closed","template":"","meta":{"_et_pb_use_builder":"on","_et_pb_old_content":"<!-- wp:paragraph -->\r\n<p><strong>Introduktion<\/strong><\/p>\r\n<!-- \/wp:paragraph -->\r\n\r\n<!-- wp:paragraph -->\r\n<p>N\u00e5r du bes\u00f8ger vores website indsamles der oplysninger om dig, som bruges til at tilpasse og forbedre vores indhold og til at \u00f8ge v\u00e6rdien af de annoncer, der vises p\u00e5 siden. Hvis du ikke \u00f8nsker, at der indsamles oplysninger, b\u00f8r du slette dine cookies (se vejledning) og undlade videre brug af websitet. Nedenfor har vi uddybet, hvilke informationer der indsamles, deres form\u00e5l og hvilke tredjeparter, der har adgang til dem.<\/p>\r\n<!-- \/wp:paragraph -->\r\n\r\n<!-- wp:paragraph -->\r\n<p><strong>Dataansvar<\/strong><\/p>\r\n<!-- \/wp:paragraph -->\r\n\r\n<!-- wp:paragraph -->\r\n<p>Vi behandler persondata og har derfor vedtaget denne privatlivsbeskyttelsespolitik, der fort\u00e6ller dig, hvordan vi behandler dine data. For at beskytte dine persondata bedst muligt, vurderer vi l\u00f8bende, hvor h\u00f8j risikoen er for, at vores databehandling p\u00e5virker dine grundrettigheder negativt. Vi er is\u00e6r opm\u00e6rksomme p\u00e5 risikoen for, at du uds\u00e6ttes for diskrimination eller ID-tyveri, eller lider \u00f8konomisk tab, tab af omd\u00f8mme eller datafortrolighed. I tilf\u00e6lde af, at de beslutninger, vi har behov for at tr\u00e6ffe, er afh\u00e6ngige af, at vi kan behandle f\u00f8lsomme persondata, biometriske oplysninger om dig, gennemf\u00f8rer vi en analyse af konsekvenserne af databehandlingen for din privatlivsbeskyttelse. Konsekvensanalysen gennemf\u00f8res f\u00f8r, vi begynder at behandle dine persondata.<\/p>\r\n<!-- \/wp:paragraph -->\r\n\r\n<!-- wp:paragraph -->\r\n<p><strong>Cookies, form\u00e5l og relevans<\/strong><\/p>\r\n<!-- \/wp:paragraph -->\r\n\r\n<!-- wp:paragraph -->\r\n<p>Websitet anvender \"cookies\", der er en tekstfil, som gemmes p\u00e5 din computer, mobil el. tilsvarende med det form\u00e5l at genkende den, huske indstillinger, udf\u00f8re statistik og m\u00e5lrette annoncer. Cookies kan ikke indeholde skadelig kode som f.eks. virus. Vi placerer cookies p\u00e5 din computer eller mobiltelefon. De deles med tredjepart, fx. Google Analytics og bruges til at forbedre brugeroplevelsen og til at m\u00e5lrette markedsf\u00f8ring. Det er muligt at slette eller blokere for cookies. Se vejledning: http:\/\/minecookies.org\/cookiehandtering<\/p>\r\n<!-- \/wp:paragraph -->\r\n\r\n<!-- wp:paragraph -->\r\n<p>Hvis du sletter eller blokerer cookies vil annoncer kunne blive mindre relevante for dig og optr\u00e6de hyppigere. Du kan desuden risikere at websitet ikke fungerer optimalt samt at der er indhold, du ikke kan f\u00e5 adgang til.<\/p>\r\n<!-- \/wp:paragraph -->\r\n\r\n<!-- wp:paragraph -->\r\n<p><strong>Personoplysninger<\/strong><\/p>\r\n<!-- \/wp:paragraph -->\r\n\r\n<!-- wp:paragraph -->\r\n<p>Personoplysninger er alle slags informationer, der i et eller andet omfang kan henf\u00f8res til dig. N\u00e5r du benytter vores website, indsamler og behandler vi en r\u00e6kke s\u00e5danne informationer. Det sker f.eks. ved alm. tilgang af indhold, hvis du tilmelder dig vores nyhedsbrev, deltager i konkurrencer eller unders\u00f8gelser, registrerer dig som bruger eller abonnent, \u00f8vrig brug af services eller foretager k\u00f8b via websitet.<\/p>\r\n<!-- \/wp:paragraph -->\r\n\r\n<!-- wp:paragraph -->\r\n<p>Vi indsamler og behandler typisk f\u00f8lgende typer af oplysninger: Et unikt ID og tekniske oplysninger om din computer, tablet eller mobiltelefon, dit IP-nummer, geografisk placering, samt hvilke sider du klikker p\u00e5 (interesser). I det omfang du selv giver eksplicit samtykke hertil og selv indtaster informationerne behandles desuden: Navn, telefonnummer, e-mail, adresse og betalingsoplysninger. Det vil typisk v\u00e6re i forbindelse med oprettelse af login eller ved k\u00f8b.<\/p>\r\n<!-- \/wp:paragraph -->\r\n\r\n<!-- wp:paragraph -->\r\n<p><strong>Sikkerhed<\/strong><\/p>\r\n<!-- \/wp:paragraph -->\r\n\r\n<!-- wp:paragraph -->\r\n<p>Vi behandler dine personoplysninger sikkert og fortroligt i overensstemmelse med g\u00e6ldende lovgivning, herunder persondataforordningen og databeskyttelsesloven.<\/p>\r\n<!-- \/wp:paragraph -->\r\n\r\n<!-- wp:paragraph -->\r\n<p>Dine oplysninger vil alene blive anvendt til det form\u00e5l, de er indsamlet til, og vil blive slettet, n\u00e5r dette form\u00e5l er opfyldt eller ikke l\u00e6ngere relevant.<\/p>\r\n<!-- \/wp:paragraph -->\r\n\r\n<!-- wp:paragraph -->\r\n<p>Vi har truffet tekniske og organisatoriske foranstaltninger mod, at dine oplysninger h\u00e6ndeligt eller ulovligt bliver slettet, offentliggjort, fortabt, forringet eller kommer til uvedkommendes kendskab, misbruges eller i \u00f8vrigt behandles i strid med lovgivningen.<\/p>\r\n<!-- \/wp:paragraph -->\r\n\r\n<!-- wp:paragraph -->\r\n<p><strong>Form\u00e5l<\/strong><\/p>\r\n<!-- \/wp:paragraph -->\r\n\r\n<!-- wp:paragraph -->\r\n<p>Oplysningerne bruges til at identificere dig som bruger og vise dig de annoncer, som vil have st\u00f8rst sandsynlighed for at v\u00e6re relevante for dig, at registrere dine k\u00f8b og betalinger, samt at kunne levere de services, du har efterspurgt, som f.eks. at fremsende et nyhedsbrev. Herudover anvender vi oplysningerne til at optimere vores services og indhold.<\/p>\r\n<!-- \/wp:paragraph -->\r\n\r\n<!-- wp:paragraph -->\r\n<p><strong>Periode for opbevaring<\/strong><\/p>\r\n<!-- \/wp:paragraph -->\r\n\r\n<!-- wp:paragraph -->\r\n<p>Oplysningerne opbevares i det tidsrum, der er tilladt i henhold til lovgivningen, og vi sletter dem, n\u00e5r de ikke l\u00e6ngere er n\u00f8dvendige. Perioden afh\u00e6nger af karakteren af oplysningen og baggrunden for opbevaring. Det er derfor ikke muligt at angive en generel tidsramme for, hvorn\u00e5r informationer slettes.<\/p>\r\n<!-- \/wp:paragraph -->\r\n\r\n<!-- wp:paragraph -->\r\n<p><strong>Samtykke til behandling af persondata<\/strong><\/p>\r\n<!-- \/wp:paragraph -->\r\n\r\n<!-- wp:paragraph -->\r\n<p>Vi indhenter dit samtykke, inden vi behandler dine persondata til de form\u00e5l, der er beskrevet ovenfor, med mindre vi har et lovligt grundlag for at indhente dem. Vi oplyser dig om et s\u00e5dant grundlag og om vores legitime interesse i at behandle dine persondata.<\/p>\r\n<!-- \/wp:paragraph -->\r\n\r\n<!-- wp:paragraph -->\r\n<p>Dit samtykke er frivilligt, og du kan til enhver tid tr\u00e6kke det tilbage ved at henvende dig til os. Brug kontaktoplysningerne ovenfor, hvis du \u00f8nsker yderligere oplysninger. Hvis vi \u00f8nsker at anvende dine persondata til et andet form\u00e5l end det oprindelige, oplyser vi dig om det nye form\u00e5l og beder om dit samtykke, f\u00f8r vi p\u00e5begynder databehandlingen. Hvis vi har et andet lovligt grundlag for den nye behandling, oplyser vi dig om dette.<\/p>\r\n<!-- \/wp:paragraph -->\r\n\r\n<!-- wp:paragraph -->\r\n<p><strong>Sikkerhed<\/strong><\/p>\r\n<!-- \/wp:paragraph -->\r\n\r\n<!-- wp:paragraph -->\r\n<p>Vi har vedtaget interne regler om informationssikkerhed, som indeholder instrukser og foranstaltninger, der beskytter dine persondata mod at blive tilintetgjort, g\u00e5 tabt eller blive \u00e6ndret, mod uautoriseret offentligg\u00f8relse, og mod at uvedkommende f\u00e5r adgang eller kendskab til dem.<\/p>\r\n<!-- \/wp:paragraph -->\r\n\r\n<!-- wp:paragraph -->\r\n<p>Vi har fastlagte procedurer for tildeling af adgangsrettigheder til de af vores medarbejdere, der behandler f\u00f8lsomme persondata og data, der afd\u00e6kker oplysninger om personlige interesser og vaner.<\/p>\r\n<!-- \/wp:paragraph -->\r\n\r\n<!-- wp:paragraph -->\r\n<p><strong>Nyhedsbrev<\/strong><\/p>\r\n<!-- \/wp:paragraph -->\r\n\r\n<!-- wp:paragraph -->\r\n<p>Ved tilmeldingen af vores nyhedsbrev registrerer vi din e-mailadresse. Disse personoplysninger bruges til at yde dig den service, at du har adgang til vores nyhedsbreve. Derudover bruges oplysningerne til at f\u00e5 et st\u00f8rre indblik i dig og andre brugere af hjemmesiden. Disse oplysninger bruges til forbedring af vores tjenester og teknologier, samt navigation og indhold, der er relevant for dig. Ved tilmelding af vores nyhedsbrev, giver du os samtykke til at sende dig nyheder, r\u00e5d og erfaringer, samt bestemte tilbud.<\/p>\r\n<!-- \/wp:paragraph -->\r\n\r\n<!-- wp:paragraph -->\r\n<p><strong>Videregivelse af oplysninger<\/strong><\/p>\r\n<!-- \/wp:paragraph -->\r\n\r\n<!-- wp:paragraph -->\r\n<p>Data om din brug af websitet, hvilke annoncer, du modtager og evt. klikker p\u00e5, geografisk placering, k\u00f8n og alderssegment m.v. videregives til tredjeparter i det omfang disse oplysninger er kendt. Du kan se hvilke tredjeparter, der er tale om, i afsnittet om \"Cookies\" ovenfor. Oplysningerne anvendes til m\u00e5lretning af annoncering.<\/p>\r\n<!-- \/wp:paragraph -->\r\n\r\n<!-- wp:paragraph -->\r\n<p>Vi benytter herudover en r\u00e6kke tredjeparter til opbevaring og behandling af data. Disse behandler udelukkende oplysninger p\u00e5 vores vegne og m\u00e5 ikke anvende dem til egne form\u00e5l.<\/p>\r\n<!-- \/wp:paragraph -->\r\n\r\n<!-- wp:paragraph -->\r\n<p>Videregivelse af personoplysninger som navn og e-mail m.v. vil kun ske, hvis du giver samtykke til det. Vi anvender kun databehandlere i EU eller i lande, der kan give dine oplysninger en tilstr\u00e6kkelig beskyttelse.<\/p>\r\n<!-- \/wp:paragraph -->\r\n\r\n<!-- wp:paragraph {\"fontSize\":\"small\"} -->\r\n<p class=\"has-small-font-size\"><strong>Indsigt og klager<\/strong><\/p>\r\n<!-- \/wp:paragraph -->\r\n\r\n<!-- wp:paragraph -->\r\n<p>Du har ret til at f\u00e5 oplyst, hvilke personoplysninger, vi behandler om dig i et almindeligt format (dataportabilitet). Du kan desuden til enhver tid g\u00f8re indsigelse mod, at oplysninger anvendes. Du kan ogs\u00e5 tilbagekalde dit samtykke til, at der bliver behandlet oplysninger om dig. Hvis de oplysninger, der behandles om dig, er forkerte har du ret til at de bliver rettet eller slettet. Henvendelse herom kan ske til:\u00a0<a href=\"mailto:centerformagtanalyse@talomvold.dk\">centerformagtanalyse@talomvold.dk<\/a>\u00a0Hvis du vil klage over vores behandling af dine personoplysninger, har du ogs\u00e5 mulighed for at tage kontakt til Datatilsynet.\u00a0<\/p>\r\n<!-- \/wp:paragraph -->\r\n\r\n<!-- wp:paragraph -->\r\n<p>\u00d8nsker du ikke l\u00e6ngere, at vi skal behandle dine personoplysninger, eller at vi skal begr\u00e6nse behandlingen af dine personoplysninger, kan du ogs\u00e5 sende os en anmodning herom til ovenn\u00e6vnte e-mailadresse.<\/p>\r\n<!-- \/wp:paragraph -->\r\n\r\n<!-- wp:paragraph -->\r\n<p><strong>Udgiver<\/strong><\/p>\r\n<!-- \/wp:paragraph -->\r\n\r\n<!-- wp:paragraph -->\r\n<p>Websitet ejes og publiceres af:<\/p>\r\n<!-- \/wp:paragraph -->\r\n\r\n<!-- wp:paragraph -->\r\n<p>Center for Magtanalyse<\/p>\r\n<!-- \/wp:paragraph -->\r\n\r\n<!-- wp:paragraph -->\r\n<p>CVR 41393025<\/p>\r\n<!-- \/wp:paragraph -->\r\n\r\n<!-- wp:paragraph -->\r\n<p>Suomisvej 4, 1., 1927 Frederiksberg C<\/p>\r\n<!-- \/wp:paragraph -->\r\n\r\n<!-- wp:paragraph -->\r\n<p>centerformagtanalyse@talomvold.dk<\/p>\r\n<!-- \/wp:paragraph -->\r\n\r\n<!-- wp:divi\/placeholder \/-->","_et_gb_content_width":"","inline_featured_image":false,"footnotes":""},"dipi_cpt_category":[],"class_list":["post-3921","page","type-page","status-publish","hentry"],"jetpack_sharing_enabled":true,"_links":{"self":[{"href":"https:\/\/centerforvoldsforebyggelse.com\/en\/wp-json\/wp\/v2\/pages\/3921","targetHints":{"allow":["GET"]}}],"collection":[{"href":"https:\/\/centerforvoldsforebyggelse.com\/en\/wp-json\/wp\/v2\/pages"}],"about":[{"href":"https:\/\/centerforvoldsforebyggelse.com\/en\/wp-json\/wp\/v2\/types\/page"}],"author":[{"embeddable":true,"href":"https:\/\/centerforvoldsforebyggelse.com\/en\/wp-json\/wp\/v2\/users\/1"}],"replies":[{"embeddable":true,"href":"https:\/\/centerforvoldsforebyggelse.com\/en\/wp-json\/wp\/v2\/comments?post=3921"}],"version-history":[{"count":9,"href":"https:\/\/centerforvoldsforebyggelse.com\/en\/wp-json\/wp\/v2\/pages\/3921\/revisions"}],"predecessor-version":[{"id":27397146,"href":"https:\/\/centerforvoldsforebyggelse.com\/en\/wp-json\/wp\/v2\/pages\/3921\/revisions\/27397146"}],"wp:attachment":[{"href":"https:\/\/centerforvoldsforebyggelse.com\/en\/wp-json\/wp\/v2\/media?parent=3921"}],"wp:term":[{"taxonomy":"dipi_cpt_category","embeddable":true,"href":"https:\/\/centerforvoldsforebyggelse.com\/en\/wp-json\/wp\/v2\/dipi_cpt_category?post=3921"}],"curies":[{"name":"wp","href":"https:\/\/api.w.org\/{rel}","templated":true}]}}