{"id":4653,"date":"2023-11-26T15:19:44","date_gmt":"2023-11-26T15:19:44","guid":{"rendered":"https:\/\/centerforvoldsforebyggelse.com\/?page_id=4653"},"modified":"2024-10-01T12:53:58","modified_gmt":"2024-10-01T12:53:58","slug":"bliv-medlem","status":"publish","type":"page","link":"https:\/\/centerforvoldsforebyggelse.com\/en\/bliv-medlem\/","title":{"rendered":"Sign up"},"content":{"rendered":"<p>[et_pb_section fb_built=&#8221;1&#8243; admin_label=&#8221;section&#8221; _builder_version=&#8221;4.18.0&#8243; background_color=&#8221;#E3EDF0&#8243; global_colors_info=&#8221;{}&#8221; custom_padding=&#8221;171px|||||&#8221;][et_pb_row admin_label=&#8221;row&#8221; _builder_version=&#8221;4.18.0&#8243; background_size=&#8221;initial&#8221; background_position=&#8221;top_left&#8221; background_repeat=&#8221;repeat&#8221; width=&#8221;75%&#8221; custom_padding=&#8221;||0px|||&#8221; global_colors_info=&#8221;{}&#8221;][et_pb_column type=&#8221;4_4&#8243; _builder_version=&#8221;4.16&#8243; custom_padding=&#8221;|||&#8221; global_colors_info=&#8221;{}&#8221; custom_padding__hover=&#8221;|||&#8221;][et_pb_text _builder_version=&#8221;4.18.0&#8243; _module_preset=&#8221;default&#8221; text_font_size=&#8221;17px&#8221; text_letter_spacing=&#8221;-3px&#8221; text_line_height=&#8221;0.9em&#8221; header_font=&#8221;Lato||on||||||&#8221; header_2_font=&#8221;Lora||||||||&#8221; header_2_font_size=&#8221;30px&#8221; inline_fonts=&#8221;Abhaya Libre,Lato,Lora&#8221; global_colors_info=&#8221;{}&#8221;]<\/p>\n<div class=\"et_pb_module et_pb_text et_pb_text_3  et_pb_text_align_left et_pb_bg_layout_light\" style=\"text-align: center;\">\n<div class=\"et_pb_text_inner\">\n<h1 style=\"text-align: center;\"><strong><span style=\"font-family: Lora; font-size: xx-large;\">Meld dig ind &amp; st\u00f8t arbejdet<\/span><\/strong><\/h1>\n<h2><span style=\"font-family: Lora; font-weight: normal; font-size: large;\">Som medlem er du med til at st\u00f8tte det voldsforebyggende arbejde og at n\u00e5 i m\u00e5l med visionen: <strong>et Danmark uden vold. <\/strong><\/span><\/h2>\n<h2><span style=\"font-family: Lora; font-weight: normal; font-size: large;\">N\u00e5r du melder dig ind, f\u00e5r du adgang til en medlemsplatform. Her kan du kan tilmelde dig gruppeforl\u00f8b og kurser.<\/span><\/h2>\n<h2><span style=\"font-family: 'Abhaya Libre'; font-weight: normal; font-size: x-large;\"><\/span><\/h2>\n<p><span style=\"font-family: Lato; font-weight: normal;\"><\/span><\/p>\n<\/div>\n<\/div>\n<p>[\/et_pb_text][\/et_pb_column][\/et_pb_row][et_pb_row column_structure=&#8221;1_3,1_3,1_3&#8243; disabled_on=&#8221;on|on|on&#8221; _builder_version=&#8221;4.18.0&#8243; _module_preset=&#8221;default&#8221; custom_margin=&#8221;|auto|3px|auto||&#8221; disabled=&#8221;on&#8221; global_colors_info=&#8221;{}&#8221;][et_pb_column type=&#8221;1_3&#8243; _builder_version=&#8221;4.18.0&#8243; _module_preset=&#8221;default&#8221; global_colors_info=&#8221;{}&#8221;][\/et_pb_column][et_pb_column type=&#8221;1_3&#8243; _builder_version=&#8221;4.18.0&#8243; _module_preset=&#8221;default&#8221; global_colors_info=&#8221;{}&#8221;][et_pb_button button_url=&#8221;https:\/\/httpscenterforvoldsforebyggelsecom.memberful.com\/join&#8221; button_text=&#8221;Bliv medlem her &#8221; button_alignment=&#8221;center&#8221; _builder_version=&#8221;4.18.0&#8243; _module_preset=&#8221;default&#8221; custom_button=&#8221;on&#8221; button_font=&#8221;Lora||||||||&#8221; global_colors_info=&#8221;{}&#8221;][\/et_pb_button][\/et_pb_column][et_pb_column type=&#8221;1_3&#8243; _builder_version=&#8221;4.18.0&#8243; _module_preset=&#8221;default&#8221; global_colors_info=&#8221;{}&#8221;][\/et_pb_column][\/et_pb_row][et_pb_row column_structure=&#8221;1_3,1_3,1_3&#8243; _builder_version=&#8221;4.18.0&#8243; _module_preset=&#8221;default&#8221; custom_margin=&#8221;|auto|3px|auto||&#8221; global_colors_info=&#8221;{}&#8221;][et_pb_column type=&#8221;1_3&#8243; _builder_version=&#8221;4.18.0&#8243; _module_preset=&#8221;default&#8221; global_colors_info=&#8221;{}&#8221;][\/et_pb_column][et_pb_column type=&#8221;1_3&#8243; _builder_version=&#8221;4.18.0&#8243; _module_preset=&#8221;default&#8221; global_colors_info=&#8221;{}&#8221;][et_pb_button button_url=&#8221;https:\/\/httpscenterforvoldsforebyggelsecom.memberful.com\/join&#8221; button_text=&#8221;Bliv medlem her &#8221; button_alignment=&#8221;center&#8221; _builder_version=&#8221;4.18.0&#8243; _module_preset=&#8221;default&#8221; custom_button=&#8221;on&#8221; button_text_color=&#8221;#00556B&#8221; button_bg_color=&#8221;RGBA(255,255,255,0)&#8221; button_border_color=&#8221;#00556B&#8221; button_border_radius=&#8221;0px&#8221; button_font=&#8221;Lora||||||||&#8221; button_icon=&#8221;&#x35;||divi||400&#8243; button_icon_color=&#8221;#00556B&#8221; global_colors_info=&#8221;{}&#8221;][\/et_pb_button][\/et_pb_column][et_pb_column type=&#8221;1_3&#8243; _builder_version=&#8221;4.18.0&#8243; _module_preset=&#8221;default&#8221; global_colors_info=&#8221;{}&#8221;][\/et_pb_column][\/et_pb_row][\/et_pb_section][et_pb_section fb_built=&#8221;1&#8243; _builder_version=&#8221;4.18.0&#8243; _module_preset=&#8221;default&#8221; custom_padding=&#8221;|0px||||&#8221; global_colors_info=&#8221;{}&#8221;][et_pb_row _builder_version=&#8221;4.18.0&#8243; _module_preset=&#8221;default&#8221; global_colors_info=&#8221;{}&#8221;][et_pb_column type=&#8221;4_4&#8243; _builder_version=&#8221;4.18.0&#8243; _module_preset=&#8221;default&#8221; global_colors_info=&#8221;{}&#8221;][et_pb_text disabled_on=&#8221;on|on|on&#8221; _builder_version=&#8221;4.18.0&#8243; _module_preset=&#8221;default&#8221; text_font=&#8221;||on||||||&#8221; header_font=&#8221;||on||||||&#8221; custom_margin=&#8221;1px||31px||false|false&#8221; custom_padding=&#8221;1px||1px||true|false&#8221; disabled=&#8221;on&#8221; inline_fonts=&#8221;Abhaya Libre&#8221; global_colors_info=&#8221;{}&#8221;]&nbsp;<\/p>\n<h4 style=\"text-align: center;\"><span style=\"font-size: xx-large;\">Som medlem, f\u00e5r du adgang til:\u00a0<\/span><\/strong><\/span><\/h4>\n<p>[\/et_pb_text][et_pb_image src=&#8221;https:\/\/centerforvoldsforebyggelse.com\/wp-content\/uploads\/2024\/09\/medlem-mindmap-1.png&#8221; title_text=&#8221;medlem mindmap&#8221; _builder_version=&#8221;4.18.0&#8243; _module_preset=&#8221;default&#8221; global_colors_info=&#8221;{}&#8221;][\/et_pb_image][\/et_pb_column][\/et_pb_row][et_pb_row column_structure=&#8221;1_4,1_4,1_4,1_4&#8243; disabled_on=&#8221;on|on|on&#8221; _builder_version=&#8221;4.18.0&#8243; _module_preset=&#8221;default&#8221; disabled=&#8221;on&#8221; global_colors_info=&#8221;{}&#8221;][et_pb_column type=&#8221;1_4&#8243; _builder_version=&#8221;4.18.0&#8243; _module_preset=&#8221;default&#8221; global_colors_info=&#8221;{}&#8221;][et_pb_cta title=&#8221;Tal om Vold&#8221; button_text=&#8221;Klik her&#8221; _builder_version=&#8221;4.18.0&#8243; _module_preset=&#8221;9a2bbc76-a6da-4721-90d6-289fbe240098&#8243; inline_fonts=&#8221;Abhaya Libre&#8221; global_colors_info=&#8221;{}&#8221;]<\/p>\n<p>Fire til otte ugers gruppeforl\u00f8b, Tilmeld via stoettegrupper@talomvold.dk<\/p>\n<p>[\/et_pb_cta][et_pb_cta title=&#8221;Nyhedsbrev&#8221; button_text=&#8221;Klik her&#8221; _builder_version=&#8221;4.18.0&#8243; _module_preset=&#8221;9a2bbc76-a6da-4721-90d6-289fbe240098&#8243; inline_fonts=&#8221;Abhaya Libre&#8221; global_colors_info=&#8221;{}&#8221;]<\/p>\n<p>Hold dig opdateret p\u00e5 den nyeste viden om vold og politiske tiltag mod vold.<\/p>\n<p>[\/et_pb_cta][\/et_pb_column][et_pb_column type=&#8221;1_4&#8243; _builder_version=&#8221;4.18.0&#8243; _module_preset=&#8221;default&#8221; global_colors_info=&#8221;{}&#8221;][et_pb_cta title=&#8221;1:1 sparring&#8221; button_text=&#8221;Klik her&#8221; _builder_version=&#8221;4.18.0&#8243; _module_preset=&#8221;9a2bbc76-a6da-4721-90d6-289fbe240098&#8243; body_line_height=&#8221;1.7em&#8221; custom_margin=&#8221;0px||20px||false|false&#8221; custom_padding=&#8221;30px||10px||false|false&#8221; inline_fonts=&#8221;Abhaya Libre&#8221; global_colors_info=&#8221;{}&#8221;]<\/p>\n<p>S\u00f8ger du sparring eller kriseplanl\u00e6gning?Telefonen er \u00e5ben efter aftale.<\/p>\n<p>[\/et_pb_cta][et_pb_cta title=&#8221;Viden om Vold&#8221; button_text=&#8221;Klik her&#8221; _builder_version=&#8221;4.18.0&#8243; _module_preset=&#8221;9a2bbc76-a6da-4721-90d6-289fbe240098&#8243; inline_fonts=&#8221;Abhaya Libre&#8221; global_colors_info=&#8221;{}&#8221;]<\/p>\n<p>Som medlem kan du f\u00e5 15% rabat p\u00e5 opl\u00e6g p\u00e5 skoler og arbejdspladser.<\/p>\n<p>[\/et_pb_cta][\/et_pb_column][et_pb_column type=&#8221;1_4&#8243; _builder_version=&#8221;4.18.0&#8243; _module_preset=&#8221;default&#8221; global_colors_info=&#8221;{}&#8221;][et_pb_cta title=&#8221;Interne kurser&#8221; button_text=&#8221;Klik her&#8221; _builder_version=&#8221;4.18.0&#8243; _module_preset=&#8221;9a2bbc76-a6da-4721-90d6-289fbe240098&#8243; inline_fonts=&#8221;Abhaya Libre&#8221; global_colors_info=&#8221;{}&#8221;]<\/p>\n<p>Medlemmer kan deltage i mini-uddannelse i voldsforebyggelse<\/p>\n<p>[\/et_pb_cta][et_pb_cta title=&#8221;Netv\u00e6rk og events&#8221; button_text=&#8221;Klik her&#8221; _builder_version=&#8221;4.18.0&#8243; _module_preset=&#8221;9a2bbc76-a6da-4721-90d6-289fbe240098&#8243; inline_fonts=&#8221;Abhaya Libre&#8221; global_colors_info=&#8221;{}&#8221;]<\/p>\n<p>Vi afholder l\u00f8bende events. B\u00f8rn er velkomne!\u00a0<\/p>\n<p>[\/et_pb_cta][\/et_pb_column][et_pb_column type=&#8221;1_4&#8243; _builder_version=&#8221;4.18.0&#8243; _module_preset=&#8221;default&#8221; global_colors_info=&#8221;{}&#8221;][et_pb_cta title=&#8221;Eksterne kurser&#8221; button_text=&#8221;Klik her&#8221; _builder_version=&#8221;4.18.0&#8243; _module_preset=&#8221;9a2bbc76-a6da-4721-90d6-289fbe240098&#8243; inline_fonts=&#8221;Abhaya Libre&#8221; global_colors_info=&#8221;{}&#8221;]<\/p>\n<p>CFV inviterer eksperter til at holde opl\u00e6g. Eksterne kurser kan have en \u00a0brugerbetaling<\/p>\n<p>[\/et_pb_cta][et_pb_cta title=&#8221;Bibliotek&#8221; button_text=&#8221;Klik her&#8221; _builder_version=&#8221;4.18.0&#8243; _module_preset=&#8221;9a2bbc76-a6da-4721-90d6-289fbe240098&#8243; inline_fonts=&#8221;Abhaya Libre&#8221; global_colors_info=&#8221;{}&#8221;]<\/p>\n<p>Medlemmer kan l\u00e5ne den nyeste feministiske litteratur<\/p>\n<p>[\/et_pb_cta][\/et_pb_column][\/et_pb_row][\/et_pb_section]<\/p>\n","protected":false},"excerpt":{"rendered":"<p>Meld dig ind &amp; st\u00f8t arbejdet Som medlem er du med til at st\u00f8tte det voldsforebyggende arbejde og at n\u00e5 i m\u00e5l med visionen: et Danmark uden vold. N\u00e5r du melder dig ind, f\u00e5r du adgang til en medlemsplatform. Her kan du kan tilmelde dig gruppeforl\u00f8b og kurser. &nbsp; Som medlem, f\u00e5r du adgang til:\u00a0Fire [&hellip;]<\/p>\n","protected":false},"author":11,"featured_media":0,"parent":0,"menu_order":0,"comment_status":"closed","ping_status":"closed","template":"","meta":{"_et_pb_use_builder":"on","_et_pb_old_content":"","_et_gb_content_width":"","inline_featured_image":false,"footnotes":""},"dipi_cpt_category":[],"class_list":["post-4653","page","type-page","status-publish","hentry"],"jetpack_sharing_enabled":true,"_links":{"self":[{"href":"https:\/\/centerforvoldsforebyggelse.com\/en\/wp-json\/wp\/v2\/pages\/4653","targetHints":{"allow":["GET"]}}],"collection":[{"href":"https:\/\/centerforvoldsforebyggelse.com\/en\/wp-json\/wp\/v2\/pages"}],"about":[{"href":"https:\/\/centerforvoldsforebyggelse.com\/en\/wp-json\/wp\/v2\/types\/page"}],"author":[{"embeddable":true,"href":"https:\/\/centerforvoldsforebyggelse.com\/en\/wp-json\/wp\/v2\/users\/11"}],"replies":[{"embeddable":true,"href":"https:\/\/centerforvoldsforebyggelse.com\/en\/wp-json\/wp\/v2\/comments?post=4653"}],"version-history":[{"count":15,"href":"https:\/\/centerforvoldsforebyggelse.com\/en\/wp-json\/wp\/v2\/pages\/4653\/revisions"}],"predecessor-version":[{"id":26016979,"href":"https:\/\/centerforvoldsforebyggelse.com\/en\/wp-json\/wp\/v2\/pages\/4653\/revisions\/26016979"}],"wp:attachment":[{"href":"https:\/\/centerforvoldsforebyggelse.com\/en\/wp-json\/wp\/v2\/media?parent=4653"}],"wp:term":[{"taxonomy":"dipi_cpt_category","embeddable":true,"href":"https:\/\/centerforvoldsforebyggelse.com\/en\/wp-json\/wp\/v2\/dipi_cpt_category?post=4653"}],"curies":[{"name":"wp","href":"https:\/\/api.w.org\/{rel}","templated":true}]}}